{"id":10287,"date":"2022-05-04T12:48:09","date_gmt":"2022-05-04T12:48:09","guid":{"rendered":"https:\/\/acc-www.theuma.com\/?page_id=10287"},"modified":"2022-05-06T10:42:26","modified_gmt":"2022-05-06T10:42:26","slug":"cookie-policy","status":"publish","type":"page","link":"https:\/\/acc-www.theuma.com\/fr\/cookie-policy\/","title":{"rendered":"Cookie Policy"},"content":{"rendered":"\t\t<div data-elementor-type=\"wp-page\" data-elementor-id=\"10287\" class=\"elementor elementor-10287\" data-elementor-settings=\"{&quot;ha_cmc_init_switcher&quot;:&quot;no&quot;}\">\n\t\t\t\t\t\t<section class=\"elementor-section elementor-top-section elementor-element elementor-element-6c7ef42 elementor-section-full_width elementor-section-height-default elementor-section-height-default\" data-id=\"6c7ef42\" data-element_type=\"section\" data-settings=\"{&quot;jet_parallax_layout_list&quot;:[],&quot;_ha_eqh_enable&quot;:false}\">\n\t\t\t\t\t\t<div class=\"elementor-container elementor-column-gap-default\">\n\t\t\t\t\t<div class=\"elementor-column elementor-col-100 elementor-top-column elementor-element elementor-element-25c0daa\" data-id=\"25c0daa\" data-element_type=\"column\">\n\t\t\t<div class=\"elementor-widget-wrap elementor-element-populated\">\n\t\t\t\t\t\t<div class=\"elementor-element elementor-element-0bdb5a8 elementor-widget elementor-widget-text-editor\" data-id=\"0bdb5a8\" data-element_type=\"widget\" data-widget_type=\"text-editor.default\">\n\t\t\t\t<div class=\"elementor-widget-container\">\n\t\t\t\t\t\t\t<p>Il s&rsquo;agit de la d\u00e9claration relative aux cookies de Theuma bv (ci-apr\u00e8s \u00a0\u00bb Theuma \u00ab\u00a0, \u00a0\u00bb nous \u00ab\u00a0, \u00a0\u00bb notre \u00a0\u00bb ou \u00a0\u00bb nos \u00ab\u00a0), telle que mise \u00e0 jour le 12 mai 2022.<\/p><p>La pr\u00e9sente d\u00e9claration relative aux cookies peut \u00eatre modifi\u00e9e de temps \u00e0 autre en fonction des changements apport\u00e9s au site web.\u00a0 Nous vous recommandons donc de consulter r\u00e9guli\u00e8rement cette d\u00e9claration.<\/p><h2 id=\"cookies\">1. Cookies<\/h2><p>Les cookies sont de petits fichiers d&rsquo;information simples qui sont envoy\u00e9s \u00e0 votre navigateur lorsque vous visitez un site web. Ils sont stock\u00e9s sur votre appareil (comme votre ordinateur, votre tablette ou votre t\u00e9l\u00e9phone) et peuvent \u00eatre lus lors de votre prochaine visite sur ce site web. Les cookies permettent \u00e0 un site web de vous reconna\u00eetre en tant que visiteur. Dans la pr\u00e9sente d\u00e9claration relative aux cookies et \u00e0 la protection de la vie priv\u00e9e, le terme \u00ab\u00a0cookies\u00a0\u00bb est \u00e9galement utilis\u00e9 pour d\u00e9signer d&rsquo;autres technologies ayant une fonctionnalit\u00e9 similaire (telles que les pixels ou les balises web).<\/p><p>Un navigateur est un programme informatique qui vous permet de visiter et de consulter des sites et des pages sur l&rsquo;internet. Les navigateurs les plus connus sont Google Chrome, Safari, Mozilla Firefox, Microsoft Edge et Internet Explorer.<\/p><p>Lorsque vous visitez notre site web pour la premi\u00e8re fois, vous pouvez d\u00e9finir les cookies que nous pouvons placer et utiliser. Vous pouvez \u00e9galement r\u00e9gler le placement et l&rsquo;utilisation des cookies dans les param\u00e8tres de votre navigateur. Apr\u00e8s avoir visit\u00e9 notre site web, vous pouvez toujours supprimer les cookies plac\u00e9s. La mani\u00e8re dont vous pouvez modifier le placement des cookies ou les supprimer d\u00e9pend du navigateur que vous utilisez.<\/p><p>Il existe diff\u00e9rents types de cookies. Il existe des cookies \u00a0\u00bb first-party \u00a0\u00bb : ce sont des cookies qui sont cr\u00e9\u00e9s par notre site web lui-m\u00eame lorsque vous le visitez. Il existe \u00e9galement des cookies \u00a0\u00bb tiers \u00a0\u00bb : il s&rsquo;agit de cookies cr\u00e9\u00e9s par un tiers sur lequel nous n&rsquo;avons aucun contr\u00f4le. Nous vous conseillons donc de lire la politique en mati\u00e8re de cookies et de protection de la vie priv\u00e9e du tiers en question avant de donner votre autorisation pour ces cookies.<\/p><p>Nous expliquons ci-dessous quels sont les cookies qui peuvent \u00eatre install\u00e9s et utilis\u00e9s et pourquoi. Les cookies n\u00e9cessaires et de pr\u00e9f\u00e9rence d\u00e9crits ci-dessous sont g\u00e9n\u00e9ralement des cookies d\u00e9finis par nous (c&rsquo;est-\u00e0-dire des \u00a0\u00bb cookies de premi\u00e8re partie \u00ab\u00a0), tandis que les autres sont g\u00e9n\u00e9ralement d\u00e9finis par un tiers (c&rsquo;est-\u00e0-dire des \u00a0\u00bb cookies de tierce partie \u00a0\u00bb tels que ceux d\u00e9finis par Google Analytics).<\/p><h3>N\u00e9cessaires<\/h3><p>Les cookies n\u00e9cessaires contribuent \u00e0 rendre un site web utilisable en activant des fonctions de base comme la navigation de page et l&rsquo;acc\u00e8s aux zones s\u00e9curis\u00e9es du site web. Le site web ne peut pas fonctionner correctement sans ces cookies.<\/p><h3>Pr\u00e9f\u00e9rences<\/h3><p>Les cookies de pr\u00e9f\u00e9rences permettent \u00e0 un site web de retenir des informations qui modifient la mani\u00e8re dont le site se comporte ou s\u2019affiche, comme votre langue pr\u00e9f\u00e9r\u00e9e ou la r\u00e9gion dans laquelle vous vous situez.<\/p><h3>Statistiques<\/h3><p>Si vous donnez votre consentement, des cookies analytiques ou statistiques peuvent \u00e9galement \u00eatre plac\u00e9s et utilis\u00e9s.\u00a0 \u00a0Ces cookies nous permettent de recueillir et d&rsquo;analyser des informations sur la mani\u00e8re dont notre site web est utilis\u00e9 et sur la mani\u00e8re dont nous pouvons optimiser le fonctionnement de notre site web.\u00a0 Gr\u00e2ce \u00e0 ces cookies, nous pouvons savoir comment les utilisateurs ont trouv\u00e9 notre site web, quelles sont les pages les plus visit\u00e9es, comment les gens naviguent sur le site, quand et pendant combien de temps. Les informations collect\u00e9es par les cookies sont agr\u00e9g\u00e9es et, si possible, rendues anonymes.<\/p><h3>Marketing\/Targeting<\/h3><p>Lorsque vous donnez votre autorisation, des cookies de marketing\/ciblage peuvent \u00e9galement \u00eatre plac\u00e9s et utilis\u00e9s. Les cookies de marketing\/ciblage permettent de suivre votre utilisation de notre site web (par exemple, les pages que vous visitez ou les liens que vous suivez) et de cr\u00e9er un profil de vous en tant qu&rsquo;utilisateur et de vos int\u00e9r\u00eats.\u00a0 \u00a0Ce profil peut ensuite \u00eatre utilis\u00e9 pour vous montrer un contenu et des publicit\u00e9s plus pertinents en fonction des int\u00e9r\u00eats que vous avez identifi\u00e9s.<\/p><h3>Social media<\/h3><p>Nous pouvons int\u00e9grer du contenu provenant de plateformes externes (telles que LinkedIn, Facebook, Instagram ou YouTube) sur notre site web.\u00a0 Nous pouvons \u00e9galement fournir des liens ou des boutons sur notre site web (par exemple, un \u00ab\u00a0bouton de partage\u00a0\u00bb) pour vous permettre de partager facilement du contenu sur ces plateformes.\u00a0 Afin d&rsquo;afficher ou de partager ce contenu, ces plateformes externes peuvent alors placer des cookies pour vous reconna\u00eetre en tant qu&rsquo;utilisateur et pour vous suivre.<\/p><div><div class=\"CookieDeclaration\" dir=\"ltr\" lang=\"nl\"><h3>Non class\u00e9s<\/h3><p>Les cookies non class\u00e9s sont les cookies qui sont en cours de classification, ainsi que les fournisseurs de cookies individuels.<\/p><p>Vous pouvez modifier ou retirer votre consentement \u00e0 tout moment via la d\u00e9claration relative aux cookies sur notre site web.<\/p><p>Notre politique de confidentialit\u00e9 fournit de plus amples informations sur qui nous sommes, comment nous contacter et comment nous traitons les donn\u00e9es personnelles.<\/p><p>Si vous avez des questions concernant votre consentement, veuillez fournir l&rsquo;identifiant et la date du consentement.<\/p><p><b>Veuillez ajouter votre idenfiant Cookiebot pour afficher les d\u00e9clarations de cookie<\/b><\/p><\/div><\/div>\t\t\t\t\t\t<\/div>\n\t\t\t\t<\/div>\n\t\t\t\t\t<\/div>\n\t\t<\/div>\n\t\t\t\t\t<\/div>\n\t\t<\/section>\n\t\t\t\t<\/div>\n\t\t","protected":false},"excerpt":{"rendered":"<p>Il s&rsquo;agit de la d\u00e9claration relative aux cookies de Theuma bv (ci-apr\u00e8s \u00a0\u00bb Theuma \u00ab\u00a0, \u00a0\u00bb nous \u00ab\u00a0, \u00a0\u00bb notre \u00a0\u00bb ou \u00a0\u00bb nos \u00ab\u00a0), telle que mise \u00e0 jour le 12 mai 2022. La pr\u00e9sente d\u00e9claration relative aux cookies peut \u00eatre modifi\u00e9e de temps \u00e0 autre en fonction des changements apport\u00e9s au site web.\u00a0 [&hellip;]<\/p>\n","protected":false},"author":1,"featured_media":0,"parent":0,"menu_order":0,"comment_status":"closed","ping_status":"closed","template":"","meta":{"_acf_changed":false,"footnotes":""},"class_list":["post-10287","page","type-page","status-publish","hentry"],"acf":[],"_links":{"self":[{"href":"https:\/\/acc-www.theuma.com\/fr\/wp-json\/wp\/v2\/pages\/10287","targetHints":{"allow":["GET"]}}],"collection":[{"href":"https:\/\/acc-www.theuma.com\/fr\/wp-json\/wp\/v2\/pages"}],"about":[{"href":"https:\/\/acc-www.theuma.com\/fr\/wp-json\/wp\/v2\/types\/page"}],"author":[{"embeddable":true,"href":"https:\/\/acc-www.theuma.com\/fr\/wp-json\/wp\/v2\/users\/1"}],"replies":[{"embeddable":true,"href":"https:\/\/acc-www.theuma.com\/fr\/wp-json\/wp\/v2\/comments?post=10287"}],"version-history":[{"count":4,"href":"https:\/\/acc-www.theuma.com\/fr\/wp-json\/wp\/v2\/pages\/10287\/revisions"}],"predecessor-version":[{"id":10576,"href":"https:\/\/acc-www.theuma.com\/fr\/wp-json\/wp\/v2\/pages\/10287\/revisions\/10576"}],"wp:attachment":[{"href":"https:\/\/acc-www.theuma.com\/fr\/wp-json\/wp\/v2\/media?parent=10287"}],"curies":[{"name":"wp","href":"https:\/\/api.w.org\/{rel}","templated":true}]}}